{"id":132,"date":"2022-12-19T14:26:34","date_gmt":"2022-12-19T13:26:34","guid":{"rendered":"http:\/\/duellistesyssingelais.fr\/?page_id=132"},"modified":"2023-04-13T16:37:25","modified_gmt":"2023-04-13T14:37:25","slug":"des-outils","status":"publish","type":"page","link":"https:\/\/duellistesyssingelais.fr\/index.php\/des-outils\/","title":{"rendered":"4 Outils"},"content":{"rendered":"\n<p><strong>Le projet SESAME&nbsp;: \u00ab&nbsp;Donner-Recevoir-Rendre \u00bb<\/strong><\/p>\n\n\n\n<p><strong><em>Imagin\u00e9 par Daniel SANSANO, Ma\u00eetre d\u2019arme et Directeur technique du club des Duellistes Yssingelais, SESAME est un projet associatif \u00e0 la fois original, unique et innovant, pour une construction citoyenne de notre jeunesse.<\/em><\/strong><\/p>\n\n\n\n<p class=\"has-text-align-center\"><img loading=\"lazy\" decoding=\"async\" width=\"518\" height=\"489\" src=\"https:\/\/lh3.googleusercontent.com\/8NaQxDxtW7PabQQdmxN6DHD32WN4xHwMNn6o5MGGR7oTQPlOt280DUid10ubHnABp9Rx9gaG2tKB2s13ltLcl3T6xPbM7E19hOMeqId76_bRc3Sd4yk4FR1QYMOeT2iT21T7kfWTpOuKzRKAK7_lemsv9SjSYHR1oaiyZqPdBhW3k09jpVEUMIK8DQeCa5s0k5imnj86gg\"><\/p>\n\n\n\n<p><strong><em>SESAME<\/em><\/strong><strong><em> <\/em><\/strong><strong><em>ouvre la porte des plaisirs fond\u00e9s sur le principe de \u00ab <\/em><\/strong><strong><em>Donner-Recevoir-Rendre<\/em><\/strong><strong><em> <\/em><\/strong><strong><em>\u00bb\u2026via des dipl\u00f4mes \u00ab uniques \u00bb cr\u00e9\u00e9s et d\u00e9velopp\u00e9s par l\u2019association :<\/em><\/strong><\/p>\n\n\n\n<p><strong><em>Le \u00ab mini-tireur \u00bb et les comp\u00e9titions pour concr\u00e9tiser le plaisir de progresser<\/em><\/strong><\/p>\n\n\n\n<p><strong><em>Le \u00ab mini- ma\u00eetre \u00bb, le \u00ab mini-arbitre \u00bb, le \u00ab mini \u2013b\u00e9n\u00e9vole&nbsp;\u00bb pour concr\u00e9tiser le plaisir savoureux d\u2019\u00eatre mis en valeur.<\/em><\/strong><\/p>\n\n\n\n<hr class=\"wp-block-separator has-alpha-channel-opacity is-style-wide\"\/>\n\n\n\n<hr class=\"wp-block-separator has-alpha-channel-opacity is-style-dots\"\/>\n\n\n\n<figure class=\"wp-block-image\"><img decoding=\"async\" src=\"https:\/\/lh3.googleusercontent.com\/d8NuniLroSDdMX0NJBXjmUdno22nsX3v9CXBi7H425729Ap8zXC7yahlNS_B6WWgQa2D_0ymXgwC52CwlXrnWasMIhkv4wAPhC-53yK5EZeVwmzROKqqp5EtQf1btHQt9H6iS7QkMBAZXba83641uOwTlJsfJRWdVIqf9b8_dk2_OkQ2gtr-k4mlRIFB1MpiSsAMeQXRUQ\" alt=\"\"\/><\/figure>\n\n\n\n<p><strong>Le Mini Tireur pour le plaisir de progresser<\/strong><\/p>\n\n\n\n<p><strong><em>Le dipl\u00f4me \u00ab&nbsp;<\/em><\/strong><strong><em>Mini-Tireur<\/em><\/strong><strong><em>&nbsp;<\/em><\/strong><strong><em>\u00bb atteste des comp\u00e9tences techniques et tactiques acquises par le jeune&nbsp;:&nbsp;<\/em><\/strong><\/p>\n\n\n\n<ul class=\"wp-block-list\">\n<li><strong><em>en le\u00e7on individuelle<\/em><\/strong><\/li>\n\n\n\n<li><strong><em>en assaut pendant les matches d\u2019entra\u00eenement<\/em><\/strong><\/li>\n\n\n\n<li><strong><em>en assaut pendant les comp\u00e9titions<\/em><\/strong><\/li>\n<\/ul>\n\n\n<div class=\"wp-block-image\">\n<figure class=\"aligncenter\"><img decoding=\"async\" src=\"https:\/\/lh5.googleusercontent.com\/sbm-yUpRIaK_-PL11g-1xPUFxv8gK1k2YgMlWcsJ9oc1y-NXlA9BqWOetQmVJDcijl3nZZ0fAEw9-5po7C-awZbHsiTwC1TtTvRNMjwKzSNkE-A7SILRbwk-l3rHHEKA1_m7rCo2Wk2EBF7Ci46d0qoQmx2KLbXFiPs7BBO3ynCHv_yAOiXimeOhltN8Ew60sZnCqRlz2g\" alt=\"\"\/><\/figure>\n<\/div>\n\n\n<p><strong><em>En effet la le\u00e7on individuelle, les assauts d\u2019entra\u00eenement et les assauts pendant les comp\u00e9titions tissent un fil rouge entre l\u2019erreur, l\u2019\u00e9chec et la d\u00e9faite. Si l\u2019erreur est passag\u00e8re, l\u2019\u00e9chec pour sa part est plus blessant pour le jeune. Et pour la d\u00e9faite c\u2019est encore pire&nbsp;!!! Et pourtant il faut bien se confronter pour se mesurer, se confronter surtout pour progresser. Tout l\u2019enjeu de ce dipl\u00f4me consiste \u00e0 valider ce qui a \u00e9t\u00e9 appris, dans un contexte protecteur au d\u00e9part mais de plus en plus risqu\u00e9 ensuite. Les r\u00e9sultats, positifs et n\u00e9gatifs des comp\u00e9titions, se mettent au service de cette progression. Ce lien concret entre la salle d\u2019armes et la comp\u00e9tition permet de rendre la victoire comme la d\u00e9faite positives<\/em><\/strong><\/p>\n\n\n\n<hr class=\"wp-block-separator has-alpha-channel-opacity is-style-wide\"\/>\n\n\n\n<hr class=\"wp-block-separator has-alpha-channel-opacity is-style-dots\"\/>\n\n\n\n<figure class=\"wp-block-image\"><img decoding=\"async\" src=\"https:\/\/lh4.googleusercontent.com\/gF_J4YMKHbT4UG_jBTwojERBFpKm69hFtdWxW5U8N1jAIiulhp4I4_tcJvdDEcgt54oGHqavzVgsexKQPIbmxV3ULJzGtD69BDTS_dw3t8sksBvlRAVPxiQC4wdA3VStBoL29DZ_kr9J7HURlKL1-43A9E92V3miGOMs6XIxDepvKbDMpkEzmOL3sMrW3RkkIrI6-xWSuQ\" alt=\"\"\/><\/figure>\n\n\n\n<p><strong>Le Mini Ma\u00eetre pour le plaisir de donner<\/strong><\/p>\n\n\n\n<p><strong><em>Le dipl\u00f4me \u00ab&nbsp;<\/em><\/strong><strong><em>Mini-Maitre<\/em><\/strong><strong><em>&nbsp;<\/em><\/strong><strong><em>\u00bb atteste des comp\u00e9tences d\u2019enseignement acquises par le jeune. A partir du mois de f\u00e9vrier un travail sp\u00e9cifique sur le mini ma\u00eetre commence. Le jeune doit \u00eatre capable de donner la le\u00e7on individuelle \u00e0 un autre jeune.&nbsp;<\/em><\/strong><\/p>\n\n\n<div class=\"wp-block-image\">\n<figure class=\"aligncenter\"><img decoding=\"async\" src=\"https:\/\/lh3.googleusercontent.com\/7epMAYUREi1J6D-1iPTgqijmaQcE4lu0-2J2R_wmSms84DRILoJVxnfom0iUHcZ53zcPYWsesenX_ydGpbq_Gd2LP7cFkxjNuphtDEN3V1PAtgVnJ07m_CdihwE0RuWzUIF0EmNdyNcbrzP3E_gsOVBrp8avuM9-wp5ZC7pXn_YXmZlXx2rRhBG8SVruXsaFFDiyz3j03w\" alt=\"\"\/><\/figure>\n<\/div>\n\n\n<p><strong><em>Cette capacit\u00e9 \u00e0 transmettre valorise le mini ma\u00eetre. Elle lui procure du plaisir tout en le mettant devant les difficult\u00e9s de la transmission. Durant la saison sportive le jeune recevra du Ma\u00eetre, recevra aussi du mini-ma\u00eetre tout en donnant \u00e0 son tour en tant que mini-ma\u00eetre.<\/em><\/strong><\/p>\n\n\n\n<p><strong><em>Avec ce dipl\u00f4me nous souhaitons \u00e9tablir un cercle vertueux entre le don que l\u2019on re\u00e7oit et le don que l\u2019on rend. Le don n\u2019est pas un d\u00fb et pour l\u2019appr\u00e9cier \u00e0 sa juste valeur il faut de temps en temps \u00eatre en capacit\u00e9 de donner.<\/em><\/strong><\/p>\n\n\n\n<hr class=\"wp-block-separator has-alpha-channel-opacity is-style-wide\"\/>\n\n\n\n<hr class=\"wp-block-separator has-alpha-channel-opacity is-style-dots\"\/>\n\n\n\n<figure class=\"wp-block-image\"><img decoding=\"async\" src=\"https:\/\/lh3.googleusercontent.com\/drLmNwCiLBq-D_0CvKM8Ld1LGqg9wXz5iQC7SfzgQHLOEiqXYvMG8Jc0804mzaUgO6yFPnu1Sd2w_4GZ_5VygH9_bp8z0Ke8u27VPjofiHEgQoW2s5N_QAHGCSrbmg3O34Nf-ZdSLkOrCpHDqVGcSofIy-E3y7EKq5EIDqJwDA0EiFB1F-8QBUfwFlgegiXtVExhPMJb8w\" alt=\"\"\/><\/figure>\n\n\n\n<p><strong>Le Mini Arbitre pour le plaisir de faire respecter la r\u00e8gle<\/strong><\/p>\n\n\n\n<p><strong><em>L\u2019escrime ne peut se pratiquer sans arbitre. Seulement la f\u00e9d\u00e9ration fran\u00e7aise d\u2019escrime (comme toutes les autres) souffre d\u2019un manque d\u2019arbitres r\u00e9current. Si notre projet ambitionne de former un tireur en m\u00eame temps qu\u2019un \u00e9ducateur, il souhaite aussi former un arbitre.&nbsp;<\/em><\/strong><\/p>\n\n\n<div class=\"wp-block-image\">\n<figure class=\"aligncenter\"><img decoding=\"async\" src=\"https:\/\/lh6.googleusercontent.com\/PVJsHqlEpazh2sdGkf_hVKnuvxG4IvVuDimvMebhTCySxA-1pS__5_cVFvl2k6izZcpoQoE1Tgv1-ae4PbkPzMozqfcAoNjLOALBVU15RMlYgbRU4pshUD-np_js0NNN4CZzL-ArvlczflENikIn9LqDoCUP7vi1dvfojfcsfD3Uxd2dP_F1qA4Fa029KJgMMMWR_EaRug\" alt=\"\"\/><\/figure>\n<\/div>\n\n\n<p><strong><em>En plus de donner une vraie autorit\u00e9 au jeune par le pouvoir de trancher voire de sanctionner, cet apprentissage l\u2019aide \u00e0 mieux comprendre l\u2019escrime et l\u2019aide donc \u00e0 progresser.<\/em><\/strong><\/p>\n\n\n\n<hr class=\"wp-block-separator has-alpha-channel-opacity is-style-wide\"\/>\n\n\n\n<hr class=\"wp-block-separator has-alpha-channel-opacity is-style-dots\"\/>\n\n\n\n<figure class=\"wp-block-image\"><img decoding=\"async\" src=\"https:\/\/lh3.googleusercontent.com\/5fohq1BoAmjMfyiyemP-LK6Wv9493zuejKU9P-G1yoFfYdpVO5apwQjXAxCjQ_MsDyNFfedwX9aS1ph6vEMwuegZ1FvDz7BMHR0xUKYjlO-Fa7bQOPSd3TAcZk12PIqsSv8VqW0diIglCwIvtFcL6Rj0jfyn3sJO_dnZ-tnQIEdqgfv2RbVsX2thyZS1rqsPn9eYOQ3IsQ\" alt=\"\"\/><\/figure>\n\n\n\n<p><strong>Le Mini-B\u00e9n\u00e9vole pour le plaisir d\u2019organiser<\/strong><\/p>\n\n\n\n<p><strong><em>Le mouvement sportif repose sur une organisation juridique originale : la loi de 1901. Ce choix permet l\u2019investissement individuel au service d\u2019une cause collective. Nous pensons qu\u2019une des missions principales de l\u2019association r\u00e9side dans sa capacit\u00e9 de se renouveler. Nous pensons dans le m\u00eame temps que le b\u00e9n\u00e9volat ne se d\u00e9cr\u00e8te plus mais qu\u2019il se construit.&nbsp;<\/em><\/strong><\/p>\n\n\n<div class=\"wp-block-image\">\n<figure class=\"aligncenter\"><img decoding=\"async\" src=\"https:\/\/lh6.googleusercontent.com\/NtGOj0qbXcDjaJNeQFzl31RyNXMHzilIB2HSC682s8W72m7OMK9WUUlW6GTq32acwMWqwZ_KK3y40Q2FdTEBHcLSg7E7X9W9KSoGtwVNVc3QdZJpOWVKu2F4HzIn4fzWHQF899F_Is7snc8KxVGKDdaFl-L-hDF1hrkaKO7N2cSfeawMins0nF-mDXhhzbmUKoORqatZzA\" alt=\"\"\/><\/figure>\n<\/div>\n\n\n<p><strong><em>En donnant une vraie l\u00e9gitimit\u00e9 au jeune par le pouvoir d\u2019\u00eatre responsable d\u2019une action collective, nous construisons au fil de l\u2019eau nos b\u00e9n\u00e9voles de demain.<\/em><\/strong><\/p>\n\n\n\n<p><strong>\u00ab&nbsp;Donner-Recevoir-Rendre \u00bb<\/strong><\/p>\n","protected":false},"excerpt":{"rendered":"<p>Le projet SESAME&nbsp;: \u00ab&nbsp;Donner-Recevoir-Rendre \u00bb Imagin\u00e9 par Daniel SANSANO, Ma\u00eetre d\u2019arme et Directeur technique du club des Duellistes Yssingelais, SESAME<\/p>\n","protected":false},"author":2,"featured_media":0,"parent":0,"menu_order":0,"comment_status":"closed","ping_status":"closed","template":"","meta":{"footnotes":""},"class_list":["post-132","page","type-page","status-publish","hentry"],"_links":{"self":[{"href":"https:\/\/duellistesyssingelais.fr\/index.php\/wp-json\/wp\/v2\/pages\/132","targetHints":{"allow":["GET"]}}],"collection":[{"href":"https:\/\/duellistesyssingelais.fr\/index.php\/wp-json\/wp\/v2\/pages"}],"about":[{"href":"https:\/\/duellistesyssingelais.fr\/index.php\/wp-json\/wp\/v2\/types\/page"}],"author":[{"embeddable":true,"href":"https:\/\/duellistesyssingelais.fr\/index.php\/wp-json\/wp\/v2\/users\/2"}],"replies":[{"embeddable":true,"href":"https:\/\/duellistesyssingelais.fr\/index.php\/wp-json\/wp\/v2\/comments?post=132"}],"version-history":[{"count":6,"href":"https:\/\/duellistesyssingelais.fr\/index.php\/wp-json\/wp\/v2\/pages\/132\/revisions"}],"predecessor-version":[{"id":205,"href":"https:\/\/duellistesyssingelais.fr\/index.php\/wp-json\/wp\/v2\/pages\/132\/revisions\/205"}],"wp:attachment":[{"href":"https:\/\/duellistesyssingelais.fr\/index.php\/wp-json\/wp\/v2\/media?parent=132"}],"curies":[{"name":"wp","href":"https:\/\/api.w.org\/{rel}","templated":true}]}}