{"id":19,"date":"2022-11-09T15:54:15","date_gmt":"2022-11-09T14:54:15","guid":{"rendered":"https:\/\/duellistesyssingelais.fr\/?page_id=19"},"modified":"2026-02-09T21:41:58","modified_gmt":"2026-02-09T20:41:58","slug":"les-duellistes-yssingelais","status":"publish","type":"page","link":"https:\/\/duellistesyssingelais.fr\/","title":{"rendered":"Bienvenue sur le site des Duellistes Ysssingelais !"},"content":{"rendered":"\n<p>Notre club d\u2019escrime <strong>Les Duellistes Yssingelais<\/strong> est situ\u00e9 \u00e0 Yssingeaux, dans le d\u00e9partement de la Haute-Loire, r\u00e9gion Auvergne Rh\u00f4ne Alpes.<\/p>\n\n\n\n<p><strong><em>Pour cette saison 2025\/2026<\/em><\/strong> :<\/p>\n\n\n\n<p>On est ravi de retrouver les anciens licenci\u00e9s du club, qui, saison apr\u00e8s saison, approfondissent leur parcours dans la pratique du fleuret et les techniques d\u2019arbitrage pour les jeunes et dans la pratique de l\u2019\u00e9p\u00e9e pour les adultes. Le club apporte \u00e9galement son soutien aux jeunes qui d\u00e9cident de participer aux comp\u00e9titions r\u00e9gionales.<\/p>\n\n\n\n<p>On est aussi tr\u00e8s heureux d\u2019accueillir de nouveaux licenci\u00e9s, jeunes et adultes&nbsp;: on leur souhaite la bienvenue dans notre club.<\/p>\n\n\n\n<p>Comme chaque ann\u00e9e, la convivialit\u00e9, \u00e7a compte, avec notamment la traditionnelle soir\u00e9e familiale, qui permet de remettre les blasons, de se retrouver autour d\u2019un repas partag\u00e9 et de faire mieux connaissance avec les nouvelles familles. Elle se tiendra le samedi 28 mars 2026, au Centre Omnisport de Choumouroux \u00e0 Yssingeaux.<\/p>\n\n\n\n<p>On tient \u00e9galement \u00e0 remercier les jeunes, leurs familles et les adultes qui contribuent au bon fonctionnement du club&nbsp;: les membres du bureau, et les autres b\u00e9n\u00e9voles qui s\u2019investissent chacun \u00e0 sa fa\u00e7on&nbsp;: pour la r\u00e9paration du mat\u00e9riel, l\u2019ouverture et la fermeture de la salle d\u2019armes, la communication, la recherche de financements, etc. <\/p>\n\n\n\n<p>La rubrique \u00ab&nbsp;Actu&nbsp;\u00bb du site vous permet d\u2019avoir les informations r\u00e9centes de note club.<\/p>\n\n\n\n<p>Bonne saison \u00e0 toutes et tous !<\/p>\n","protected":false},"excerpt":{"rendered":"<p>Notre club d\u2019escrime Les Duellistes Yssingelais est situ\u00e9 \u00e0 Yssingeaux, dans le d\u00e9partement de la Haute-Loire, r\u00e9gion Auvergne Rh\u00f4ne Alpes.<\/p>\n","protected":false},"author":2,"featured_media":0,"parent":0,"menu_order":0,"comment_status":"closed","ping_status":"closed","template":"","meta":{"footnotes":""},"class_list":["post-19","page","type-page","status-publish","hentry"],"_links":{"self":[{"href":"https:\/\/duellistesyssingelais.fr\/index.php\/wp-json\/wp\/v2\/pages\/19","targetHints":{"allow":["GET"]}}],"collection":[{"href":"https:\/\/duellistesyssingelais.fr\/index.php\/wp-json\/wp\/v2\/pages"}],"about":[{"href":"https:\/\/duellistesyssingelais.fr\/index.php\/wp-json\/wp\/v2\/types\/page"}],"author":[{"embeddable":true,"href":"https:\/\/duellistesyssingelais.fr\/index.php\/wp-json\/wp\/v2\/users\/2"}],"replies":[{"embeddable":true,"href":"https:\/\/duellistesyssingelais.fr\/index.php\/wp-json\/wp\/v2\/comments?post=19"}],"version-history":[{"count":15,"href":"https:\/\/duellistesyssingelais.fr\/index.php\/wp-json\/wp\/v2\/pages\/19\/revisions"}],"predecessor-version":[{"id":666,"href":"https:\/\/duellistesyssingelais.fr\/index.php\/wp-json\/wp\/v2\/pages\/19\/revisions\/666"}],"wp:attachment":[{"href":"https:\/\/duellistesyssingelais.fr\/index.php\/wp-json\/wp\/v2\/media?parent=19"}],"curies":[{"name":"wp","href":"https:\/\/api.w.org\/{rel}","templated":true}]}}