{"id":71,"date":"2022-11-16T15:59:34","date_gmt":"2022-11-16T14:59:34","guid":{"rendered":"http:\/\/duellistesyssingelais.fr\/?page_id=71"},"modified":"2022-11-16T16:28:20","modified_gmt":"2022-11-16T15:28:20","slug":"lhistoire-de-lescrime","status":"publish","type":"page","link":"https:\/\/duellistesyssingelais.fr\/index.php\/lhistoire-de-lescrime\/","title":{"rendered":"l\u2019Histoire de l\u2019Escrime"},"content":{"rendered":"\n<p>L\u2019histoire de l\u2019escrime se confond avec celle de la main et de l\u2019outil. Physiquement inf\u00e9rieur aux animaux qui, pratiquement tous, sont dot\u00e9s par la nature d\u2019un moyen de d\u00e9fense (cornes, griffes, bec, m\u00e2choires, pinces, d\u00e9fenses, sabots, venin, etc\u2026), l\u2019homme a \u00e9t\u00e9 contraint, d\u00e8s l\u2019origine de l\u2019humanit\u00e9, de faire appel \u00e0 son intelligence et \u00e0 sa main afin d\u2019inventer des armes pour subsister. Et c\u2019est probablement par analogie avec les avantages naturels des animaux que les premi\u00e8res armes invent\u00e9es eurent pour objet de piquer, de trancher, d\u2019\u00e9craser. Ces armes furent successivement en bois, en pierre puis en m\u00e9tal.&nbsp;<\/p>\n\n\n\n<p>Les premi\u00e8res armes fabriqu\u00e9es furent la hache et l\u2019\u00e9pieu, une arme qui taille et une autre qui perce. Et le premier progr\u00e8s consista \u00e0 r\u00e9unir sur une seule arme les propri\u00e9t\u00e9s de la hache et de l\u2019\u00e9pieu. On eut ainsi le sabre, et plus tard l\u2019\u00e9p\u00e9e, lorsqu\u2019on s\u2019aper\u00e7ut que les coups de pointe sont plus meurtriers que les coups de tranchant, n\u00e9anmoins l\u2019\u00e9p\u00e9e comporta longtemps deux tranchants.&nbsp;<\/p>\n\n\n\n<p>L\u2019invention des armes amena tout naturellement l\u2019homme \u00e0 rechercher le parti le plus efficace \u00e0 en tirer, soit au moyen d\u2019une plus grande vigueur, soit d\u2019une plus grande dext\u00e9rit\u00e9.&nbsp;<\/p>\n\n\n\n<p><strong>Des milliers d\u2019ann\u00e9es<\/strong><\/p>\n\n\n\n<p>Ainsi est n\u00e9e l\u2019escrime, Art de la d\u00e9fense et de l\u2019attaque. Chez tous les peuples, l\u2019\u00e9tude du maniement raisonn\u00e9 des armes prit, tr\u00e8s t\u00f4t, une place importante. Il fallut cependant des milliers d\u2019ann\u00e9es pour que la lame devint telle que nous la connaissons aujourd\u2019hui&nbsp;: une sorte de longue aiguille, de la longueur du bras environ, de plus en plus l\u00e9g\u00e8re, susceptible, dans la main de l\u2019homme, d\u2019\u00eatre mani\u00e9e avec science, vitesse et pr\u00e9cision.&nbsp;<\/p>\n\n\n\n<p>Sur la plan technique, rappelons qu\u2019au temps des Romains, ceux-ci mirent en pratique une escrime \u00e0 deux mains, l\u2019une tenant un bouclier servant \u00e0 la d\u00e9fense, l\u2019autre maniant une \u00e9p\u00e9e destin\u00e9e \u00e0 l\u2019attaque. Armement volumineux, encombrant et lourd. Beaucoup plus tard l\u2019embryon de l\u2019escrime moderne na\u00eetra dans les deux pays dont l\u2019\u00e9volution durant le Moyen Age a \u00e9t\u00e9 la plus florissante&nbsp;: l\u2019Espagne et l\u2019Italie. Rest\u00e9e toutefois stationnaire sur le plan technique en Espagne, pays auquel on doit tout de m\u00eame la fabrication de la Rapi\u00e8re et le perfectionnement consid\u00e9rable des armes blanches, (la manufacture de Tol\u00e8de existe encore de nos jours), ce sont, finalement, les Italiens qui \u00e9tablirent les bases scientifiques de l\u2019escrime moderne.&nbsp;<\/p>\n\n\n\n<p><strong>Pour le combat de pr\u00e8s<\/strong><\/p>\n\n\n\n<p>Venus en France en grand nombre \u00e0 la suite des M\u00e9dicis, les ma\u00eetres italiens r\u00e9pandent une m\u00e9thodes nouvelle&nbsp;: le volume du bouclier diminue progressivement pour \u00eatre finalement abandonn\u00e9&nbsp;; on lui substitue le poignard, puis la dague, arme courte, offensive et d\u00e9fensive \u00e0 la fois, mais destin\u00e9e au combat \u00ab&nbsp;de pr\u00e8s&nbsp;\u00bb, le combat \u00ab&nbsp;de loin&nbsp;\u00bb \u00e9tant men\u00e9 \u00e0 l\u2019aide de la Rapi\u00e8re.&nbsp;<\/p>\n\n\n\n<p>Enfin, pour en terminer avec le perfectionnement de l\u2019arme, un modeste fabriquant italien-dont le nom ne nous est pas parvenu\u2026 mit au point \u00e0 la fin du 15<sup>\u00e8me<\/sup> si\u00e8cle, l\u2019Ep\u00e9e d\u2019Estoc \u00e0 coquille. Elle est consid\u00e9r\u00e9e comme l\u2019arme parfaite. Elle r\u00e9unit, en effet, sur une seule arme, dans une seule main, sous le volume moins encombrant, (qui permet \u00e0 son propri\u00e9taire de ne jamais s\u2019en s\u00e9parer), les \u00e9l\u00e9ments fondamentaux de la science des armes&nbsp;: la d\u00e9fense et l\u2019attaque.&nbsp;<\/p>\n\n\n\n<p>Cette \u00e9p\u00e9e est \u00e0 l\u2019origine de notre Ecole d\u2019Escrime. Elle lui a permis d\u2019\u00e9tablir ses principes de bases&nbsp;; ses caract\u00e9ristiques sont sensiblement les m\u00eames que celles de l\u2019\u00e9p\u00e9e d\u2019aujourd\u2019hui. Telle quelle, cependant cette arme v\u00e9ritable ne permettait pas la recherche sans danger de tous les coups possibles en escrime, les accidents \u00e0 l\u2019entra\u00eenement restant trop nombreux.&nbsp;<\/p>\n\n\n\n<p>Finalement, ce fut durant le 17<sup>\u00e8me<\/sup> si\u00e8cle, l\u2019invention d\u2019un instrument d\u2019\u00e9tude l\u00e9ger, appel\u00e9 fleuret puis celle du masque en treillis \u00e0 la fin du 18<sup>\u00e8me<\/sup> si\u00e8cle, par les ma\u00eetres fran\u00e7ais, qui permirent de d\u00e9couvrir toutes les possibilit\u00e9s techniques et tactiques de l\u2019escrime et de donner aux divers mouvements toute la force et vitesse imaginables.&nbsp;<\/p>\n\n\n\n<p><strong>L\u2019escrime fran\u00e7aise&nbsp;: technique, r\u00e8gles et rayonnement<\/strong><\/p>\n\n\n\n<p>Officiellement,&nbsp; on fait remonter la naissance de l\u2019\u00e9cole Fran\u00e7aise d\u2019Escrime en d\u00e9cembre 1567, \u00e9poque o\u00f9 le Roi Charles 9 autorisa les \u00ab&nbsp;Maistres Joueurs et Escrimeurs d\u2019Ep\u00e9e&nbsp;\u00bb de la ville de Paris, \u00e0 se r\u00e9unir en une Communaut\u00e9 qui prit le nom \u00ab&nbsp;d\u2019Acad\u00e9mie des Maistres en faits d\u2019armes&nbsp;\u00bb de l\u2019Acad\u00e9mie du Roy. Mais c\u2019est surtout durant le 19<sup>\u00e8me<\/sup> si\u00e8cle que l\u2019Ecole Fran\u00e7aise s\u2019assura une r\u00e9putation et un rayonnement universels par les travaux p\u00e9dagogiques et les Trait\u00e9s de ma\u00eetres de grand talent, dont nombreux se r\u00e9pandirent dans le monde entier pour enseigner.&nbsp;<\/p>\n\n\n\n<p>Ayant invent\u00e9 l\u2019instrument (le fleuret), d\u00e9couvert sa technique, c\u2019est \u00e0 la France qu\u2019on fit appel en 1896, lors de la r\u00e9novation des Jeux Olympiques pour d\u00e9finir les r\u00e8gles de l\u2019Escrime sportive. A partir de cette \u00e9poque, on note la disparition progressive du duel et la cr\u00e9ation de comp\u00e9titions d\u2019escrime de plus en plus nombreuses et de plus en plus fr\u00e9quent\u00e9es.&nbsp;<\/p>\n\n\n\n<p>Aujourd\u2019hui, le temps n\u2019est plus des coupe-jarrets, ni m\u00eame des duellistes. On n\u2019apprend plus \u00e0 manier l\u2019\u00e9p\u00e9e par n\u00e9cessit\u00e9, ainsi qu\u2019il en \u00e9tait encore au d\u00e9but du si\u00e8cle. A notre \u00e9poque, on pratique l\u2019escrime pour l\u2019amour de la comp\u00e9tition ou pas agr\u00e9ment. L\u2019assaut d\u2019escrime n\u2019est qu\u2019un jeu&nbsp;: deux adversaires, deux volont\u00e9s sont en pr\u00e9sence-mais le combat est inoffensif et les \u00ab&nbsp;lois&nbsp;\u00bb de l\u2019assaut sont courtoises&nbsp;; la \u00ab&nbsp;touche&nbsp;\u00bb seule conditionne la victoire&nbsp;; elle exige habilet\u00e9 et ruse pour y arriver.&nbsp;<\/p>\n\n\n\n<p>L\u2019escrime mondiale est aujourd\u2019hui dirig\u00e9e par une F\u00e9d\u00e9ration Internationale (FIE) qui regroupe plus de 90 pays. Les \u00e9preuves qu\u2019elle organise distinguent trois disciplines diff\u00e9rentes&nbsp;:<\/p>\n\n\n\n<ul class=\"wp-block-list\">\n<li>L\u2019\u00e9p\u00e9e, arme d\u2019estoc du combat r\u00e9el o\u00f9 les touches sont valables sur toute la surface du corps&nbsp;; l\u2019essentiel \u00e9tant de donner un coup arrivant avant celui que peut porter, \u00e9ventuellement l\u2019adversaire dans un \u00e9cart de 1\/25<sup>\u00e8me<\/sup> de seconde. Si l\u2019\u00e9cart entre les deux coups est moindre, les deux tireurs sont cr\u00e9dit\u00e9s d\u2019un coup double.<\/li>\n\n\n\n<li>Le fleuret, arme d\u2019estoc \u00e9galement, a un caract\u00e8re conventionnel qui porte sur la surface \u00e0 atteindre, (le corps seulement, les bras, les jambes et la t\u00eate \u00e9tant exclus), et la mani\u00e8re de donner les coups. Ceux-ci doivent \u00eatre autant que possible, port\u00e9s alternativement par les adversaires, (et non simultan\u00e9ment), selon un processus qu\u2019on a compar\u00e9 \u00e0 une conversation courtoise entre deux individus bien \u00e9lev\u00e9s, o\u00f9 chacun parle \u00e0 son tour.<\/li>\n\n\n\n<li>Enfin le sabre, arme du cavalier, \u00e9galement conventionnelle, permet de porter des coups de pointe mais aussi des coups de tranchant, selon des r\u00e8gles, et un esprit, semblables \u00e0 ceux du fleuret, les surfaces valables comprenant toute la partie du corps situ\u00e9 au dessus de la ligne horizontale passant par le sommet des hanches, les bras et la t\u00eate \u00e9tant compris dans les parties valables.<\/li>\n<\/ul>\n","protected":false},"excerpt":{"rendered":"<p>L\u2019histoire de l\u2019escrime se confond avec celle de la main et de l\u2019outil. Physiquement inf\u00e9rieur aux animaux qui, pratiquement tous,<\/p>\n","protected":false},"author":2,"featured_media":90,"parent":0,"menu_order":2,"comment_status":"closed","ping_status":"closed","template":"","meta":{"footnotes":""},"class_list":["post-71","page","type-page","status-publish","has-post-thumbnail","hentry"],"_links":{"self":[{"href":"https:\/\/duellistesyssingelais.fr\/index.php\/wp-json\/wp\/v2\/pages\/71","targetHints":{"allow":["GET"]}}],"collection":[{"href":"https:\/\/duellistesyssingelais.fr\/index.php\/wp-json\/wp\/v2\/pages"}],"about":[{"href":"https:\/\/duellistesyssingelais.fr\/index.php\/wp-json\/wp\/v2\/types\/page"}],"author":[{"embeddable":true,"href":"https:\/\/duellistesyssingelais.fr\/index.php\/wp-json\/wp\/v2\/users\/2"}],"replies":[{"embeddable":true,"href":"https:\/\/duellistesyssingelais.fr\/index.php\/wp-json\/wp\/v2\/comments?post=71"}],"version-history":[{"count":2,"href":"https:\/\/duellistesyssingelais.fr\/index.php\/wp-json\/wp\/v2\/pages\/71\/revisions"}],"predecessor-version":[{"id":76,"href":"https:\/\/duellistesyssingelais.fr\/index.php\/wp-json\/wp\/v2\/pages\/71\/revisions\/76"}],"wp:featuredmedia":[{"embeddable":true,"href":"https:\/\/duellistesyssingelais.fr\/index.php\/wp-json\/wp\/v2\/media\/90"}],"wp:attachment":[{"href":"https:\/\/duellistesyssingelais.fr\/index.php\/wp-json\/wp\/v2\/media?parent=71"}],"curies":[{"name":"wp","href":"https:\/\/api.w.org\/{rel}","templated":true}]}}