{"id":73,"date":"2022-11-16T16:02:06","date_gmt":"2022-11-16T15:02:06","guid":{"rendered":"http:\/\/duellistesyssingelais.fr\/?page_id=73"},"modified":"2024-11-03T12:13:09","modified_gmt":"2024-11-03T11:13:09","slug":"lhistoire-du-club","status":"publish","type":"page","link":"https:\/\/duellistesyssingelais.fr\/index.php\/lhistoire-du-club\/","title":{"rendered":"L&rsquo;Histoire du Club"},"content":{"rendered":"\n<p>L\u2019escrime Yssingelaise a connu ses balbutiements sous l\u2019\u00e9gide de l\u2019OMS (office municipal des sports) en 1986. Daniel Sansano, alors charg\u00e9 de d\u00e9velopper cette activit\u00e9 dans tout le d\u00e9partement, avec l\u2019aide de Ma\u00eetre Lartigue, proposa la cr\u00e9ation d\u2019une section escrime en partenariat avec l\u2019OMS.&nbsp;<\/p>\n\n\n\n<p>Apr\u00e8s la disparition de ce dernier, le club a \u00e9t\u00e9 d\u00e9clar\u00e9 au journal officiel en 1991. Les d\u00e9buts ont \u00e9t\u00e9 difficiles car les Duellistes n\u2019avaient pas de salle sp\u00e9cifique. Les cours se d\u00e9roulaient dans le pr\u00e9au de l\u2019\u00e9cole primaire publique.&nbsp;<\/p>\n\n\n\n<p>En 1995 le club disposa de sa premi\u00e8re salle d\u2019armes dans les locaux de l\u2019ancienne usine Giraudet. Construite par la commune avec la participation tr\u00e8s active des b\u00e9n\u00e9voles, cet outil a permis l\u2019essor de notre club. A la fin des ann\u00e9es 90 les tireurs Yssingelais commenc\u00e8rent \u00e0 faire parler d\u2019eux. Depuis une dizaine d\u2019ann\u00e9es, les meilleurs tireurs du club se classent r\u00e9guli\u00e8rement parmi les trente meilleurs fran\u00e7ais. Une culture fleuret, m\u00e9langeant tradition des armes, recherche de la performance, innovation p\u00e9dagogique et intentions \u00e9ducatives fait la notori\u00e9t\u00e9 des Duellistes Yssingelais.&nbsp;<\/p>\n\n\n\n<p>Depuis 2010 le club b\u00e9n\u00e9ficie d\u2019une toute nouvelle salle d\u2019armes. Situ\u00e9e dans le complexe omnisport de Choumouroux, nous pouvons y admirer les \u0153uvres de Jean-Claude Moulin.&nbsp;<\/p>\n\n\n\n<p>L\u00e9one Ollivier a \u00e9t\u00e9 la premi\u00e8re pr\u00e9sidente du club. Sylvie Faucomprez a pris la rel\u00e8ve, elle-m\u00eame remplac\u00e9e par Franck Treuil. Suite au d\u00e9c\u00e8s de Maurice Thivel, c\u2019est Robert Touron qui lui succ\u00e9da.&nbsp;<\/p>\n\n\n\n<p>A ce moment, l\u2019enseignement fonctionne avec Daniel Sansano le Ma\u00eetre d\u2019Armes et Serge Boukhers, pr\u00e9v\u00f4t. Le duo est parfait avec l\u2019un et toute son exp\u00e9rience et sa ma\u00eetrise technique, l\u2019organisation des s\u00e9ances, l\u2019accompagnement en comp\u00e9tition, et l\u2019autre aupr\u00e8s des plus jeunes et des d\u00e9butants avec un charisme exceptionnel.&nbsp;<\/p>\n\n\n\n<p>En&nbsp;2016 S\u00e9bastien Baudry prend la suite de Bob. Daniel d\u00e9veloppe un projet p\u00e9dagogique innovant qu\u2019il a imagin\u00e9 et dans lequel il s\u2019implique totalement. S\u00e9bastien Baudry ne tarde pas \u00e0 lui trouver un nom&nbsp;: \u00ab&nbsp;S\u00e9same&nbsp;\u00bb, comme la promesse d\u2019un tr\u00e9sor pour les jeunes et pour le club. C\u2019est aussi l\u2019ann\u00e9e des 25 ans avec une belle f\u00eate au centre d\u2019Yssingeaux, avec des d\u00e9monstrations, des ateliers, et 400 soupes servies sur la place en soir\u00e9e.<\/p>\n\n\n\n<p>Daniel apr\u00e8s plus de 25 ans de direction technique souhaite progressivement laisser la place. Serge a alors 64 ans et d\u00e9cide qu\u2019il s\u2019arr\u00eatera en m\u00eame temps que Daniel. Il faut songer \u00e0 recruter. Il faut un ma\u00eetre d\u2019armes \u00e0 plein temps pour les remplacer tous les deux et poursuivre le projet p\u00e9dagogique. L\u2019objectif d\u2019atteindre les 100 licenci\u00e9s est fix\u00e9. Des annexes sont cr\u00e9\u00e9es \u00e0 St Julien Chapteuil puis Beaulieu pour accueillir de jeunes d\u00e9butants. En 2019, la barre des 103 licenci\u00e9s est atteinte.&nbsp;<\/p>\n\n\n\n<p>En 2020 Daniel prend du recul et garde b\u00e9n\u00e9volement les le\u00e7ons individuelles&nbsp;; Serge poursuit encore. S\u00e9bastien Baudry laisse la pr\u00e9sidence pour raisons professionnelles. Les statuts sont modifi\u00e9s pour permettre une co-pr\u00e9sidence permettant de partager la charge et une \u00e9volution sans rupture. La co-pr\u00e9sidence d\u00e9bute avec Florian Lalo, Emmanuel Grousset et Pierre-Bernard PUEL.&nbsp;<\/p>\n\n\n\n<p>Mais cet \u00e9lan est interrompu par la crise sanitaire qui limite la pratique, et rend les comp\u00e9titions et les rassemblements familiaux impossible, coupant le lien avec les nouveaux parents, m\u00eame si le club s\u2019organise pour maintenir une activit\u00e9 (s\u00e9ances vid\u00e9o, cours ext\u00e9rieur,\u2026). Florian Lalo en 2021, puis en 2022 Emmanuel Grousset nous quittent tous les deux pour raisons professionnelles.&nbsp;&nbsp;<\/p>\n\n\n\n<p>L\u2019\u00e9t\u00e9 2022 beaucoup de questions se posent pour red\u00e9marrer la saison 2022\/2023&nbsp;: Serge Boukhers ne reprendra pas une nouvelle saison, Pierre-Bernard Puel se retrouve seul \u00e0 la pr\u00e9sidence avec un bureau resserr\u00e9, il n\u2019y a toujours pas de candidature s\u00e9rieuse de Ma\u00eetre d\u2019Armes et le budget n\u2019a pas boug\u00e9 m\u00eame s\u2019il est tr\u00e8s sain.&nbsp;&nbsp;<\/p>\n\n\n\n<p>Daniel Sansano propose de reprendre le flambeau \u2026 un an.<\/p>\n\n\n\n<p>Un an pour retrouver un Ma\u00eetre d\u2019armes,&nbsp;<\/p>\n\n\n\n<p>Un an pour trouver les financements du futur budget qui doit bien augmenter.<\/p>\n\n\n\n<p>Un effectif qui a diminu\u00e9 \u00e0 un peu moins de 50 licenci\u00e9s.<\/p>\n\n\n\n<p>Et toujours&nbsp;:<\/p>\n\n\n\n<p>Une des plus belles salles d\u2019Auvergne Rh\u00f4ne Alpes,<\/p>\n\n\n\n<p>Un budget de d\u00e9part sain,<\/p>\n\n\n\n<p>Un bureau motiv\u00e9,<\/p>\n\n\n\n<p>S\u00e9same, un projet p\u00e9dagogique innovant, imagin\u00e9 \u00e0 Yssingeaux, avec l\u2019escrime, qu\u2019il faut poursuivre,<\/p>\n\n\n\n<p>La sortie d\u2019un livre o\u00f9 Daniel explique sa d\u00e9marche S\u00e9same pour accompagner le d\u00e9ploiement national mis en \u0153uvre par les f\u00e9d\u00e9rations de football et de rugby.<\/p>\n\n\n\n<p>Soit tout ce qu\u2019il faut pour rebondir.&nbsp;<\/p>\n\n\n\n<p>Un challenge pour un Ma\u00eetre d\u2019Armes qui cherche un projet professionnel original et innovant.<\/p>\n\n\n\n<p>Depuis la saison 2023-2024 voici comment le club fonctionne :<\/p>\n\n\n\n<p>\u2013\u00a0pour les jeunes\u00a0: en coordination avec les 2 autres clubs du d\u00e9partement (\u00ab\u00a0Les Cadets du Velay\u00a0\u00bb au Puy en Velay et \u00ab\u00a0AGS Escrime\u00a0\u00bb \u00e0 Sainte-Sigol\u00e8ne), un ma\u00eetre d\u2019armes salari\u00e9 intervient 4,5 heures par semaine pour assurer les 4 s\u00e9ances. Un ma\u00eetre d\u2019armes b\u00e9n\u00e9vole propose \u00e9galement r\u00e9guli\u00e8rement des cours individuels.<\/p>\n\n\n\n<p>\u2013\u00a0pour les adultes\u00a0: un ma\u00eetre d\u2019armes b\u00e9n\u00e9vole est pr\u00e9sent pour la s\u00e9ance du vendredi soir.<\/p>\n\n\n\n<p>Afin de d\u00e9velopper le club, notamment en lien avec le projet p\u00e9dagogique innovant S\u00e9same, imagin\u00e9 \u00e0 Yssingeaux, nous recherchons un ma\u00eetre d\u2019armes \u00e0 temps plein\u00a0.<\/p>\n\n\n\n<p><\/p>\n","protected":false},"excerpt":{"rendered":"<p>L\u2019escrime Yssingelaise a connu ses balbutiements sous l\u2019\u00e9gide de l\u2019OMS (office municipal des sports) en 1986. Daniel Sansano, alors charg\u00e9<\/p>\n","protected":false},"author":2,"featured_media":113,"parent":0,"menu_order":2,"comment_status":"closed","ping_status":"closed","template":"","meta":{"footnotes":""},"class_list":["post-73","page","type-page","status-publish","has-post-thumbnail","hentry"],"_links":{"self":[{"href":"https:\/\/duellistesyssingelais.fr\/index.php\/wp-json\/wp\/v2\/pages\/73","targetHints":{"allow":["GET"]}}],"collection":[{"href":"https:\/\/duellistesyssingelais.fr\/index.php\/wp-json\/wp\/v2\/pages"}],"about":[{"href":"https:\/\/duellistesyssingelais.fr\/index.php\/wp-json\/wp\/v2\/types\/page"}],"author":[{"embeddable":true,"href":"https:\/\/duellistesyssingelais.fr\/index.php\/wp-json\/wp\/v2\/users\/2"}],"replies":[{"embeddable":true,"href":"https:\/\/duellistesyssingelais.fr\/index.php\/wp-json\/wp\/v2\/comments?post=73"}],"version-history":[{"count":4,"href":"https:\/\/duellistesyssingelais.fr\/index.php\/wp-json\/wp\/v2\/pages\/73\/revisions"}],"predecessor-version":[{"id":473,"href":"https:\/\/duellistesyssingelais.fr\/index.php\/wp-json\/wp\/v2\/pages\/73\/revisions\/473"}],"wp:featuredmedia":[{"embeddable":true,"href":"https:\/\/duellistesyssingelais.fr\/index.php\/wp-json\/wp\/v2\/media\/113"}],"wp:attachment":[{"href":"https:\/\/duellistesyssingelais.fr\/index.php\/wp-json\/wp\/v2\/media?parent=73"}],"curies":[{"name":"wp","href":"https:\/\/api.w.org\/{rel}","templated":true}]}}